{"id":55,"date":"2013-04-23T13:37:36","date_gmt":"2013-04-23T12:37:36","guid":{"rendered":"http:\/\/muldergranen.nl\/cmcc\/?page_id=55"},"modified":"2018-06-07T20:06:01","modified_gmt":"2018-06-07T19:06:01","slug":"industrie-2","status":"publish","type":"page","link":"https:\/\/muldergranen.nl\/cmcc\/industrie-2\/","title":{"rendered":"Industrie"},"content":{"rendered":"<p>Mulder Granen is als toeleverancier en afnemer al meer dan 100 jaar actief in de handel in granen en veevoedergrondstoffen in Europa. Als GMP+ gecertificeerde onderneming staan we garant voor de veiligheid van de geleverde producten.<\/p>\n<p>Wij leveren onder andere de volgende producten:<\/p>\n<ul>\n<li>Baktarwe<\/li>\n<li>Voertarwe<\/li>\n<li>Brouwgerst<\/li>\n<li>Voergerst<\/li>\n<li>Triticale<\/li>\n<li>Rogge<\/li>\n<li>Haver<\/li>\n<li>Korrelma\u00efs<\/li>\n<li>Ma\u00efsmeel<\/li>\n<li>Ma\u00efsgluten<\/li>\n<li>Koolzaad<\/li>\n<li>Sojaschroot<\/li>\n<li>Sojahullen<\/li>\n<li>Raapschroot<\/li>\n<li>Grasbrokken \/ Luzerne<\/li>\n<li>DDGS \/ Protigrain<\/li>\n<li>Palmpitschilfers<\/li>\n<li>Zonneschroot<\/li>\n<li>Citruspellets<\/li>\n<li>Bietenpulppellets<\/li>\n<\/ul>\n<p>Voor een passende offerte kunt u <a href=\"http:\/\/muldergranen.nl\/cmcc\/contact\/\" target=\"_blank\" rel=\"noopener\">contact <\/a>met ons opnemen!<\/p>\n","protected":false},"excerpt":{"rendered":"<p>Mulder Granen is als toeleverancier en afnemer al meer dan 100 jaar actief in de handel in granen en veevoedergrondstoffen in Europa. Als GMP+ gecertificeerde onderneming staan we garant voor de veiligheid van de geleverde producten. Wij leveren onder andere de volgende producten: Baktarwe Voertarwe Brouwgerst Voergerst Triticale Rogge Haver Korrelma\u00efs Ma\u00efsmeel Ma\u00efsgluten Koolzaad Sojaschroot [&hellip;]<\/p>\n","protected":false},"author":1,"featured_media":0,"parent":0,"menu_order":3,"comment_status":"closed","ping_status":"closed","template":"","meta":{"footnotes":""},"class_list":["post-55","page","type-page","status-publish","hentry"],"_links":{"self":[{"href":"https:\/\/muldergranen.nl\/cmcc\/wp-json\/wp\/v2\/pages\/55","targetHints":{"allow":["GET"]}}],"collection":[{"href":"https:\/\/muldergranen.nl\/cmcc\/wp-json\/wp\/v2\/pages"}],"about":[{"href":"https:\/\/muldergranen.nl\/cmcc\/wp-json\/wp\/v2\/types\/page"}],"author":[{"embeddable":true,"href":"https:\/\/muldergranen.nl\/cmcc\/wp-json\/wp\/v2\/users\/1"}],"replies":[{"embeddable":true,"href":"https:\/\/muldergranen.nl\/cmcc\/wp-json\/wp\/v2\/comments?post=55"}],"version-history":[{"count":12,"href":"https:\/\/muldergranen.nl\/cmcc\/wp-json\/wp\/v2\/pages\/55\/revisions"}],"predecessor-version":[{"id":241,"href":"https:\/\/muldergranen.nl\/cmcc\/wp-json\/wp\/v2\/pages\/55\/revisions\/241"}],"wp:attachment":[{"href":"https:\/\/muldergranen.nl\/cmcc\/wp-json\/wp\/v2\/media?parent=55"}],"curies":[{"name":"wp","href":"https:\/\/api.w.org\/{rel}","templated":true}]}}